{"id":53,"date":"2022-05-24T08:33:17","date_gmt":"2022-05-24T08:33:17","guid":{"rendered":"https:\/\/shopatazalea.com\/?page_id=53"},"modified":"2025-04-02T00:45:15","modified_gmt":"2025-04-02T07:45:15","slug":"about-us","status":"publish","type":"page","link":"https:\/\/visithilltopplaza.com\/es\/about-us\/","title":{"rendered":"Acerca de Nosotros"},"content":{"rendered":"<p>[et_pb_section fb_built=&#8221;1&#8243; _builder_version=&#8221;4.17.3&#8243; _module_preset=&#8221;default&#8221; width=&#8221;100{dfff4297facf792e6290b8da5d7cb25c5ffc1f5cd116b78856aea9b3b2916910}&#8221; max_width=&#8221;100{dfff4297facf792e6290b8da5d7cb25c5ffc1f5cd116b78856aea9b3b2916910}&#8221; module_alignment=&#8221;left&#8221; min_height=&#8221;988.7px&#8221; custom_padding=&#8221;0px||0px|||&#8221; global_colors_info=&#8221;{}&#8221;][et_pb_row column_structure=&#8221;3_5,2_5&#8243; _builder_version=&#8221;4.17.3&#8243; _module_preset=&#8221;default&#8221; min_height=&#8221;928.7px&#8221; custom_padding=&#8221;80px||43px|||&#8221; global_colors_info=&#8221;{}&#8221;][et_pb_column type=&#8221;3_5&#8243; _builder_version=&#8221;4.17.3&#8243; _module_preset=&#8221;default&#8221; global_colors_info=&#8221;{}&#8221;][et_pb_image src=&#8221;https:\/\/visithilltopplaza.com\/wp-content\/uploads\/2025\/04\/hp-about-1.jpg&#8221; title_text=&#8221;hp-about-1&#8243; _builder_version=&#8221;4.27.4&#8243; _module_preset=&#8221;default&#8221; hover_enabled=&#8221;0&#8243; global_colors_info=&#8221;{}&#8221; sticky_enabled=&#8221;0&#8243;][\/et_pb_image][et_pb_image src=&#8221;https:\/\/visithilltopplaza.com\/wp-content\/uploads\/2025\/04\/hp-about-2.jpg&#8221; title_text=&#8221;hp-about-2&#8243; _builder_version=&#8221;4.27.4&#8243; _module_preset=&#8221;default&#8221; hover_enabled=&#8221;0&#8243; global_colors_info=&#8221;{}&#8221; sticky_enabled=&#8221;0&#8243;][\/et_pb_image][\/et_pb_column][et_pb_column type=&#8221;2_5&#8243; _builder_version=&#8221;4.17.3&#8243; _module_preset=&#8221;default&#8221; global_colors_info=&#8221;{}&#8221;][df_adh_heading title_prefix=&#8221;About Hilltop Plaza&#8221; title_infix=&#8221;Shopping in Richmond, CA&#8221; title_infix_block=&#8221;block&#8221; _builder_version=&#8221;4.27.4&#8243; _module_preset=&#8221;default&#8221; title_level=&#8221;h1&#8243; title_text_align=&#8221;left&#8221; title_text_color=&#8221;#000000&#8243; title_font_size=&#8221;32px&#8221; t_prefix_text_align=&#8221;left&#8221; t_infix_font_size=&#8221;20px&#8221; module_alignment=&#8221;left&#8221; custom_padding=&#8221;0px||||false|false&#8221; global_colors_info=&#8221;{}&#8221;][\/df_adh_heading][et_pb_text _builder_version=&#8221;4.27.4&#8243; _module_preset=&#8221;default&#8221; custom_padding=&#8221;0px|0px||0px|false|false&#8221; custom_padding_tablet=&#8221;0px||||false|false&#8221; custom_padding_phone=&#8221;0px||||false|false&#8221; custom_padding_last_edited=&#8221;on|desktop&#8221; global_colors_info=&#8221;{}&#8221;]<\/p>\n<p>Hilltop Plaza es un animado centro comercial comunitario en Richmond, CA, convenientemente ubicado en Blume Drive y Klose Way. Con casi 22,850 metros cuadrados (246,000 pies\u00b2) de espacio comercial, ofrece una excelente combinaci\u00f3n de tiendas populares nacionales y regionales que atraen a m\u00e1s de 3 millones de visitas cada a\u00f1o.\nLos visitantes disfrutan de f\u00e1cil acceso, un ambiente acogedor y una gran variedad de tiendas, todo en un solo lugar.<\/p>\n<p>Como uno de los centros comerciales con mejor desempe\u00f1o del pa\u00eds, Hilltop Plaza se beneficia de una base de clientes leales y largas estancias de visita. El centro se encuentra junto al proyecto de reurbanizaci\u00f3n planificado para Hilltop Mall, que traer\u00e1 nuevas viviendas, espacios verdes y opciones de transporte a la zona\u2014a\u00f1adiendo a\u00fan m\u00e1s dinamismo a esta creciente parte de Richmond.<\/p>\n<p>[\/et_pb_text][et_pb_button button_url=&#8221;https:\/\/visithilltopplaza.com\/shops\/&#8221; button_text=&#8221;Plan Your Visit&#8221; _builder_version=&#8221;4.27.4&#8243; _module_preset=&#8221;default&#8221; custom_button=&#8221;on&#8221; button_text_color=&#8221;#FFFFFF&#8221; button_bg_color=&#8221;#000000&#8243; global_colors_info=&#8221;{}&#8221;][\/et_pb_button][df_adh_heading title_prefix=&#8221;Lease space with us&#8221; _builder_version=&#8221;4.27.4&#8243; _module_preset=&#8221;default&#8221; title_level=&#8221;h1&#8243; title_text_align=&#8221;left&#8221; title_text_color=&#8221;#000000&#8243; title_font_size=&#8221;32px&#8221; t_prefix_text_align=&#8221;left&#8221; module_alignment=&#8221;left&#8221; custom_padding=&#8221;0px||||false|false&#8221; global_colors_info=&#8221;{}&#8221;][\/df_adh_heading][et_pb_text _builder_version=&#8221;4.27.4&#8243; _module_preset=&#8221;default&#8221; custom_padding=&#8221;0px|0px||0px|false|false&#8221; custom_padding_tablet=&#8221;0px||||false|false&#8221; custom_padding_phone=&#8221;0px||||false|false&#8221; custom_padding_last_edited=&#8221;on|desktop&#8221; global_colors_info=&#8221;{}&#8221;]<\/p>\n<p>Hilltop Plaza tiene espacios disponibles para renta. \u00danete a nuestro distinguido grupo de comercios y aprovecha nuestra ubicaci\u00f3n privilegiada para mostrar tu marca a una audiencia diversa y comprometida. Descubre nuestras oportunidades destacadas de arrendamiento en Richmond.<\/p>\n<p>&nbsp;<\/p>\n<p>[\/et_pb_text][et_pb_button button_url=&#8221;https:\/\/primestor.com\/services\/leasing\/&#8221; button_text=&#8221;Learn More&#8221; _builder_version=&#8221;4.27.4&#8243; _module_preset=&#8221;default&#8221; custom_button=&#8221;on&#8221; button_text_color=&#8221;#FFFFFF&#8221; button_bg_color=&#8221;#000000&#8243; global_colors_info=&#8221;{}&#8221;][\/et_pb_button][\/et_pb_column][\/et_pb_row][et_pb_row column_structure=&#8221;1_3,1_3,1_3&#8243; _builder_version=&#8221;4.17.3&#8243; _module_preset=&#8221;default&#8221; min_height=&#8221;348px&#8221; custom_margin=&#8221;-1px|auto|11px|auto||&#8221; locked=&#8221;off&#8221; global_colors_info=&#8221;{}&#8221;][et_pb_column type=&#8221;1_3&#8243; _builder_version=&#8221;4.17.3&#8243; _module_preset=&#8221;default&#8221; global_colors_info=&#8221;{}&#8221;][difl_advanced_blurb title=&#8221;FAQ&#8221; sub_title=&#8221;Get the answers to frequently asked questions.&#8221; button_text=&#8221;learn more&#8221; button_url=&#8221;https:\/\/visithilltopplaza.com\/contact\/&#8221; button_full_width=&#8221;on&#8221; blurb_icon_enable=&#8221;on&#8221; blurb_icon=&#8221;&#xf059;||fa||400&#8243; blurb_icon_color=&#8221;#000000&#8243; icon_size=&#8221;70px&#8221; blurb_icon_background_color=&#8221;RGBA(255,255,255,0)&#8221; image_icon_alignment=&#8221;center&#8221; title_url=&#8221;https:\/\/visithilltopplaza.com\/\/contact\/#faq&#8221; button_background_bgcolor=&#8221;#000000&#8243; content_area_alignment=&#8221;center&#8221; blurb_img_margin=&#8221;0px||30px||false|false&#8221; blurb_icon_spacing=&#8221;0px||0px||false|false&#8221; title_margin=&#8221;||20px||false|false&#8221; sub_title_margin=&#8221;||20px||false|false&#8221; button_padding=&#8221;10px||10px||true|false&#8221; _builder_version=&#8221;4.27.4&#8243; _module_preset=&#8221;default&#8221; button_text_text_align=&#8221;center&#8221; button_text_text_color=&#8221;#FFFFFF&#8221; link_option_url=&#8221;https:\/\/visithilltopplaza.com\/contact\/#faq\/&#8221; border_radii=&#8221;on|3px|3px|3px|3px&#8221; global_colors_info=&#8221;{{4aaeb86cde0baee4e02800576a45c9f62cb5fec45d9534f81bec90fbfc993456}22gcid-f8d296f8-66da-459d-bb17-9d2e1effebac{4aaeb86cde0baee4e02800576a45c9f62cb5fec45d9534f81bec90fbfc993456}22:{4aaeb86cde0baee4e02800576a45c9f62cb5fec45d9534f81bec90fbfc993456}91{4aaeb86cde0baee4e02800576a45c9f62cb5fec45d9534f81bec90fbfc993456}22button_background_bgcolor{4aaeb86cde0baee4e02800576a45c9f62cb5fec45d9534f81bec90fbfc993456}22{4aaeb86cde0baee4e02800576a45c9f62cb5fec45d9534f81bec90fbfc993456}93}&#8221;][\/difl_advanced_blurb][\/et_pb_column][et_pb_column type=&#8221;1_3&#8243; _builder_version=&#8221;4.17.3&#8243; _module_preset=&#8221;default&#8221; global_colors_info=&#8221;{}&#8221;][difl_advanced_blurb title=&#8221;Hours and property info&#8221; sub_title=&#8221;Looking for our address or hours? Searching for answers to commonly asked questions?&#8221; button_text=&#8221;learn more&#8221; button_url=&#8221;https:\/\/visithilltopplaza.com\/contact\/&#8221; button_full_width=&#8221;on&#8221; blurb_icon_enable=&#8221;on&#8221; blurb_icon=&#8221;&#xf017;||fa||400&#8243; blurb_icon_color=&#8221;#000000&#8243; icon_size=&#8221;70px&#8221; blurb_icon_background_color=&#8221;RGBA(255,255,255,0)&#8221; image_icon_alignment=&#8221;center&#8221; title_url=&#8221;https:\/\/visithilltopplaza.com\/\/contact\/&#8221; button_background_bgcolor=&#8221;#000000&#8243; content_area_alignment=&#8221;center&#8221; blurb_img_margin=&#8221;0px||30px||false|false&#8221; blurb_icon_spacing=&#8221;0px||0px||false|false&#8221; title_margin=&#8221;||20px||false|false&#8221; sub_title_margin=&#8221;||20px||false|false&#8221; button_padding=&#8221;10px||10px||true|false&#8221; _builder_version=&#8221;4.27.4&#8243; _module_preset=&#8221;default&#8221; button_text_text_align=&#8221;center&#8221; button_text_text_color=&#8221;#FFFFFF&#8221; link_option_url=&#8221;https:\/\/visithilltopplaza.com\/contact\/&#8221; border_radii=&#8221;on|3px|3px|3px|3px&#8221; global_colors_info=&#8221;{{4aaeb86cde0baee4e02800576a45c9f62cb5fec45d9534f81bec90fbfc993456}22gcid-f8d296f8-66da-459d-bb17-9d2e1effebac{4aaeb86cde0baee4e02800576a45c9f62cb5fec45d9534f81bec90fbfc993456}22:{4aaeb86cde0baee4e02800576a45c9f62cb5fec45d9534f81bec90fbfc993456}91{4aaeb86cde0baee4e02800576a45c9f62cb5fec45d9534f81bec90fbfc993456}22button_background_bgcolor{4aaeb86cde0baee4e02800576a45c9f62cb5fec45d9534f81bec90fbfc993456}22{4aaeb86cde0baee4e02800576a45c9f62cb5fec45d9534f81bec90fbfc993456}93}&#8221;][\/difl_advanced_blurb][\/et_pb_column][et_pb_column type=&#8221;1_3&#8243; _builder_version=&#8221;4.17.3&#8243; _module_preset=&#8221;default&#8221; global_colors_info=&#8221;{}&#8221;][difl_advanced_blurb title=&#8221;View map and directory&#8221; sub_title=&#8221;See all the stores and restaurants Hilltop Plaza has to offer.&#8221; button_text=&#8221;learn more&#8221; button_url=&#8221;https:\/\/visithilltopplaza.com\/shops\/&#8221; button_full_width=&#8221;on&#8221; blurb_icon_enable=&#8221;on&#8221; blurb_icon=&#8221;&#xf21d;||fa||900&#8243; blurb_icon_color=&#8221;#000000&#8243; icon_size=&#8221;70px&#8221; blurb_icon_background_color=&#8221;RGBA(255,255,255,0)&#8221; image_icon_alignment=&#8221;center&#8221; title_url=&#8221;https:\/\/visithilltopplaza.com\/\/shops\/&#8221; button_background_bgcolor=&#8221;#000000&#8243; content_area_alignment=&#8221;center&#8221; blurb_img_margin=&#8221;0px||30px||false|false&#8221; blurb_icon_spacing=&#8221;0px||0px||false|false&#8221; title_margin=&#8221;||20px||false|false&#8221; sub_title_margin=&#8221;||20px||false|false&#8221; button_padding=&#8221;10px||10px||true|false&#8221; _builder_version=&#8221;4.27.4&#8243; _module_preset=&#8221;default&#8221; button_text_text_align=&#8221;center&#8221; button_text_text_color=&#8221;#FFFFFF&#8221; link_option_url=&#8221;https:\/\/visithilltopplaza.com\/shops\/&#8221; border_radii=&#8221;on|3px|3px|3px|3px&#8221; global_colors_info=&#8221;{{4aaeb86cde0baee4e02800576a45c9f62cb5fec45d9534f81bec90fbfc993456}22gcid-f8d296f8-66da-459d-bb17-9d2e1effebac{4aaeb86cde0baee4e02800576a45c9f62cb5fec45d9534f81bec90fbfc993456}22:{4aaeb86cde0baee4e02800576a45c9f62cb5fec45d9534f81bec90fbfc993456}91{4aaeb86cde0baee4e02800576a45c9f62cb5fec45d9534f81bec90fbfc993456}22button_background_bgcolor{4aaeb86cde0baee4e02800576a45c9f62cb5fec45d9534f81bec90fbfc993456}22{4aaeb86cde0baee4e02800576a45c9f62cb5fec45d9534f81bec90fbfc993456}93}&#8221;][\/difl_advanced_blurb][\/et_pb_column][\/et_pb_row][\/et_pb_section]<\/p>","protected":false},"excerpt":{"rendered":"<p><div class=\"et_pb_module df_adh_heading df_adh_heading_0\">\n\t\t\t\t\n\t\t\t\t\n\t\t\t\t\n\t\t\t\t\n\t\t\t\t\n\t\t\t\t\n\t\t\t\t<div class=\"et_pb_module_inner\">\n\t\t\t\t\t<div class=\"df-heading-container\">\r\n                \r\n                \r\n                <h1 class=\"df-heading\"><span class=\"prefix\">Acerca de Hilltop Plaza<\/span> <span class=\"infix\">Compras en Richmond, CA<\/span> <\/h1>\r\n                \r\n            <\/div>\n\t\t\t\t<\/div>\n\t\t\t<\/div>Hilltop Plaza is a lively community shopping center in Richmond, CA, conveniently located at Blume Drive and Klose Way. With nearly 246,000 square feet of retail space, it offers a great mix of popular national and [&hellip;]<\/p>","protected":false},"author":1,"featured_media":0,"parent":0,"menu_order":0,"comment_status":"closed","ping_status":"closed","template":"","meta":{"_et_pb_use_builder":"on","_et_pb_old_content":"","_et_gb_content_width":"","footnotes":""},"class_list":["post-53","page","type-page","status-publish","hentry"],"_links":{"self":[{"href":"https:\/\/visithilltopplaza.com\/es\/wp-json\/wp\/v2\/pages\/53","targetHints":{"allow":["GET"]}}],"collection":[{"href":"https:\/\/visithilltopplaza.com\/es\/wp-json\/wp\/v2\/pages"}],"about":[{"href":"https:\/\/visithilltopplaza.com\/es\/wp-json\/wp\/v2\/types\/page"}],"author":[{"embeddable":true,"href":"https:\/\/visithilltopplaza.com\/es\/wp-json\/wp\/v2\/users\/1"}],"replies":[{"embeddable":true,"href":"https:\/\/visithilltopplaza.com\/es\/wp-json\/wp\/v2\/comments?post=53"}],"version-history":[{"count":27,"href":"https:\/\/visithilltopplaza.com\/es\/wp-json\/wp\/v2\/pages\/53\/revisions"}],"predecessor-version":[{"id":1560,"href":"https:\/\/visithilltopplaza.com\/es\/wp-json\/wp\/v2\/pages\/53\/revisions\/1560"}],"wp:attachment":[{"href":"https:\/\/visithilltopplaza.com\/es\/wp-json\/wp\/v2\/media?parent=53"}],"curies":[{"name":"wp","href":"https:\/\/api.w.org\/{rel}","templated":true}]}}